{"id":98,"date":"2024-02-12T00:27:45","date_gmt":"2024-02-12T00:27:45","guid":{"rendered":"https:\/\/ircjp.com\/?page_id=98"},"modified":"2025-01-31T19:25:20","modified_gmt":"2025-01-31T19:25:20","slug":"servicios","status":"publish","type":"page","link":"https:\/\/ircjp.com\/index.php\/servicios\/","title":{"rendered":"Servicios"},"content":{"rendered":"<p>[et_pb_section fb_built=&#8221;1&#8243; admin_label=&#8221;Hero Section&#8221; _builder_version=&#8221;4.16&#8243; custom_padding=&#8221;0|0px|0px|0px&#8221; global_colors_info=&#8221;{}&#8221;][et_pb_row column_structure=&#8221;1_2,1_2&#8243; use_custom_gutter=&#8221;on&#8221; make_equal=&#8221;on&#8221; _builder_version=&#8221;4.16&#8243; width=&#8221;100%&#8221; max_width=&#8221;100%&#8221; custom_padding=&#8221;0px|0|0px|&#8221; use_custom_width=&#8221;on&#8221; width_unit=&#8221;off&#8221; custom_width_percent=&#8221;100%&#8221; global_colors_info=&#8221;{}&#8221;][et_pb_column type=&#8221;1_2&#8243; _builder_version=&#8221;4.16&#8243; custom_padding=&#8221;200px|4%|200px|8%&#8221; custom_padding_tablet=&#8221;60px|10%|60px|10%&#8221; custom_padding_phone=&#8221;60px|10%|60px|10%&#8221; custom_padding_last_edited=&#8221;on|tablet&#8221; global_colors_info=&#8221;{}&#8221; padding_tablet=&#8221;60px|10%|60px|10%&#8221; padding_last_edited=&#8221;on|tablet&#8221; custom_padding__hover=&#8221;|||&#8221; padding_phone=&#8221;60px|10%|60px|10%&#8221;][et_pb_text _builder_version=&#8221;4.24.0&#8243; text_font=&#8221;Karla||||||||&#8221; text_font_size=&#8221;18px&#8221; text_line_height=&#8221;1.8em&#8221; header_font=&#8221;Cormorant Garamond||||||||&#8221; header_font_size=&#8221;56px&#8221; header_line_height=&#8221;1.4em&#8221; text_orientation=&#8221;justified&#8221; max_width=&#8221;600px&#8221; header_font_size_tablet=&#8221;40px&#8221; header_font_size_phone=&#8221;&#8221; header_font_size_last_edited=&#8221;on|tablet&#8221; locked=&#8221;off&#8221; global_colors_info=&#8221;{}&#8221;]<\/p>\n<h1>El todo es mayor que la suma de sus partes<\/h1>\n<p><strong>Creer, crecer y validarnos como individuos expertos agrupados, correlacionados y aplicados en un <em>campo espec\u00edfico<\/em><\/strong> nos ha permitido constatar la evoluci\u00f3n constante de nuestros servicios renovados d\u00eda con d\u00eda en calidad, mediante la auto-evaluaci\u00f3n y de la <strong>opini\u00f3n\/satisfacci\u00f3n de nuestros clientes del sector p\u00fablico y privado los cuales abarcan aproximadamente un 60% de los Estados de nuestro Pa\u00eds<\/strong><\/p>\n<p>[\/et_pb_text][et_pb_button button_url=&#8221;https:\/\/ircjp.com\/index.php\/acerca\/&#8221; button_text=&#8221;ACERCA DE NOSOTROS&#8221; _builder_version=&#8221;4.26.0&#8243; custom_button=&#8221;on&#8221; button_text_size=&#8221;13px&#8221; button_text_color=&#8221;#ffffff&#8221; button_bg_color=&#8221;#E09900&#8243; button_border_width=&#8221;2px&#8221; button_border_color=&#8221;#c2ab92&#8243; button_border_radius=&#8221;0px&#8221; button_letter_spacing=&#8221;2px&#8221; button_font=&#8221;Karla|700||on|||||&#8221; background_layout=&#8221;dark&#8221; custom_padding=&#8221;10px||10px|&#8221; hover_enabled=&#8221;0&#8243; button_letter_spacing_hover=&#8221;2px&#8221; locked=&#8221;off&#8221; global_colors_info=&#8221;{}&#8221; button_text_size__hover_enabled=&#8221;off&#8221; button_one_text_size__hover_enabled=&#8221;off&#8221; button_two_text_size__hover_enabled=&#8221;off&#8221; button_text_color__hover_enabled=&#8221;off&#8221; button_one_text_color__hover_enabled=&#8221;off&#8221; button_two_text_color__hover_enabled=&#8221;off&#8221; button_border_width__hover_enabled=&#8221;off&#8221; button_one_border_width__hover_enabled=&#8221;off&#8221; button_two_border_width__hover_enabled=&#8221;off&#8221; button_border_color__hover_enabled=&#8221;off&#8221; button_one_border_color__hover_enabled=&#8221;off&#8221; button_two_border_color__hover_enabled=&#8221;off&#8221; button_border_radius__hover_enabled=&#8221;off&#8221; button_one_border_radius__hover_enabled=&#8221;off&#8221; button_two_border_radius__hover_enabled=&#8221;off&#8221; button_letter_spacing__hover_enabled=&#8221;on&#8221; button_letter_spacing__hover=&#8221;2px&#8221; button_one_letter_spacing__hover_enabled=&#8221;off&#8221; button_two_letter_spacing__hover_enabled=&#8221;off&#8221; button_bg_color__hover_enabled=&#8221;off&#8221; button_one_bg_color__hover_enabled=&#8221;off&#8221; button_two_bg_color__hover_enabled=&#8221;off&#8221; button_alignment=&#8221;center&#8221; sticky_enabled=&#8221;0&#8243;][\/et_pb_button][et_pb_button button_url=&#8221;https:\/\/drive.google.com\/file\/d\/1ru4xqvlLeiXDAY_Gph5oxt3c7G5uUuVs\/view?usp=sharing&#8221; button_text=&#8221;CURRICULUM EMPRESARIAL&#8221; _builder_version=&#8221;4.26.0&#8243; custom_button=&#8221;on&#8221; button_text_size=&#8221;13px&#8221; button_text_color=&#8221;#FFFFFF&#8221; button_bg_color=&#8221;#0C71C3&#8243; button_border_width=&#8221;2px&#8221; button_border_color=&#8221;#c2ab92&#8243; button_border_radius=&#8221;0px&#8221; button_letter_spacing=&#8221;2px&#8221; button_font=&#8221;Karla|700||on|||||&#8221; background_layout=&#8221;dark&#8221; custom_padding=&#8221;10px||10px|&#8221; hover_enabled=&#8221;0&#8243; button_letter_spacing_hover=&#8221;2px&#8221; locked=&#8221;off&#8221; global_colors_info=&#8221;{}&#8221; button_text_size__hover_enabled=&#8221;off&#8221; button_one_text_size__hover_enabled=&#8221;off&#8221; button_two_text_size__hover_enabled=&#8221;off&#8221; button_text_color__hover_enabled=&#8221;off&#8221; button_one_text_color__hover_enabled=&#8221;off&#8221; button_two_text_color__hover_enabled=&#8221;off&#8221; button_border_width__hover_enabled=&#8221;off&#8221; button_one_border_width__hover_enabled=&#8221;off&#8221; button_two_border_width__hover_enabled=&#8221;off&#8221; button_border_color__hover_enabled=&#8221;off&#8221; button_one_border_color__hover_enabled=&#8221;off&#8221; button_two_border_color__hover_enabled=&#8221;off&#8221; button_border_radius__hover_enabled=&#8221;off&#8221; button_one_border_radius__hover_enabled=&#8221;off&#8221; button_two_border_radius__hover_enabled=&#8221;off&#8221; button_letter_spacing__hover_enabled=&#8221;on&#8221; button_letter_spacing__hover=&#8221;2px&#8221; button_one_letter_spacing__hover_enabled=&#8221;off&#8221; button_two_letter_spacing__hover_enabled=&#8221;off&#8221; button_bg_color__hover_enabled=&#8221;off&#8221; button_one_bg_color__hover_enabled=&#8221;off&#8221; button_two_bg_color__hover_enabled=&#8221;off&#8221; button_alignment=&#8221;center&#8221; sticky_enabled=&#8221;0&#8243; button_bg_enable_color=&#8221;on&#8221;][\/et_pb_button][\/et_pb_column][et_pb_column type=&#8221;1_2&#8243; _builder_version=&#8221;4.16&#8243; background_color=&#8221;#121212&#8243; use_background_color_gradient=&#8221;on&#8221; background_color_gradient_stops=&#8221;rgba(18,18,18,0.5) 0%|#121212 100%&#8221; background_color_gradient_overlays_image=&#8221;on&#8221; background_color_gradient_start=&#8221;rgba(18,18,18,0.5)&#8221; background_color_gradient_end=&#8221;#121212&#8243; background_image=&#8221;http:\/\/ircjp.com\/wp-content\/uploads\/2024\/02\/conference_image_25.jpg&#8221; custom_padding=&#8221;100px||100px|&#8221; custom_padding_tablet=&#8221;60px||60px|&#8221; custom_padding_phone=&#8221;60px||60px|&#8221; custom_padding_last_edited=&#8221;on|desktop&#8221; global_colors_info=&#8221;{}&#8221; padding_tablet=&#8221;60px||60px|&#8221; padding_last_edited=&#8221;on|desktop&#8221; custom_padding__hover=&#8221;|||&#8221; padding_phone=&#8221;60px||60px|&#8221;][et_pb_divider show_divider=&#8221;off&#8221; _builder_version=&#8221;4.16&#8243; height=&#8221;100px&#8221; global_colors_info=&#8221;{}&#8221;][\/et_pb_divider][\/et_pb_column][\/et_pb_row][\/et_pb_section][et_pb_section fb_built=&#8221;1&#8243; admin_label=&#8221;Services&#8221; _builder_version=&#8221;4.16&#8243; background_color=&#8221;#121212&#8243; custom_padding=&#8221;100px|0px|35px|0px||&#8221; global_colors_info=&#8221;{}&#8221;][et_pb_row column_structure=&#8221;1_2,1_2&#8243; _builder_version=&#8221;4.16&#8243; background_color=&#8221;#121212&#8243; width=&#8221;100%&#8221; max_width=&#8221;100%&#8221; custom_margin=&#8221;|||&#8221; custom_padding=&#8221;0px|0|0px|||&#8221; use_custom_width=&#8221;on&#8221; width_unit=&#8221;off&#8221; custom_width_percent=&#8221;100%&#8221; global_colors_info=&#8221;{}&#8221;][et_pb_column type=&#8221;1_2&#8243; _builder_version=&#8221;4.16&#8243; background_color_gradient_start=&#8221;rgba(0,0,0,0.4)&#8221; background_color_gradient_end=&#8221;#000000&#8243; custom_padding=&#8221;100px||100px|8%&#8221; custom_padding_tablet=&#8221;60px|10%|60px|10%&#8221; custom_padding_phone=&#8221;60px|10%|60px|10%&#8221; custom_padding_last_edited=&#8221;on|tablet&#8221; global_colors_info=&#8221;{}&#8221; padding_tablet=&#8221;60px|10%|60px|10%&#8221; padding_last_edited=&#8221;on|tablet&#8221; custom_padding__hover=&#8221;|||&#8221; padding_phone=&#8221;60px|10%|60px|10%&#8221;][et_pb_text _builder_version=&#8221;4.24.0&#8243; text_font=&#8221;||||||||&#8221; text_text_color=&#8221;#E09900&#8243; header_font=&#8221;||||||||&#8221; header_3_font=&#8221;Karla|700||on|||||&#8221; header_3_text_color=&#8221;#c2ab92&#8243; header_3_font_size=&#8221;16px&#8221; header_3_letter_spacing=&#8221;1px&#8221; text_orientation=&#8221;right&#8221; background_layout=&#8221;dark&#8221; module_alignment=&#8221;right&#8221; custom_margin=&#8221;40px||20px|&#8221; locked=&#8221;off&#8221; global_colors_info=&#8221;{}&#8221;]<\/p>\n<h3><span style=\"color: #ff6600;\">ACERCA DE NOSOTROS<\/span><\/h3>\n<p>[\/et_pb_text][et_pb_divider color=&#8221;#E09900&#8243; divider_weight=&#8221;2px&#8221; _builder_version=&#8221;4.24.0&#8243; max_width=&#8221;150px&#8221; module_alignment=&#8221;right&#8221; height=&#8221;2px&#8221; custom_margin=&#8221;|||&#8221; custom_padding=&#8221;|-60px||&#8221; custom_padding_tablet=&#8221;|0px||&#8221; custom_padding_last_edited=&#8221;off|desktop&#8221; locked=&#8221;off&#8221; global_colors_info=&#8221;{}&#8221;][\/et_pb_divider][et_pb_text _builder_version=&#8221;4.24.0&#8243; text_font=&#8221;Karla||||||||&#8221; text_text_color=&#8221;rgba(255,255,255,0.7)&#8221; text_font_size=&#8221;18px&#8221; text_line_height=&#8221;1.8em&#8221; header_font=&#8221;||||||||&#8221; header_2_font=&#8221;Cormorant Garamond||||||||&#8221; header_2_font_size=&#8221;40px&#8221; header_2_line_height=&#8221;1.4em&#8221; header_3_font=&#8221;||||||||&#8221; text_orientation=&#8221;right&#8221; background_layout=&#8221;dark&#8221; max_width=&#8221;600px&#8221; module_alignment=&#8221;right&#8221; locked=&#8221;off&#8221; global_colors_info=&#8221;{}&#8221;]<\/p>\n<h2>Profesionalizaci\u00f3n de Seguridad P\u00fablica y Privada<\/h2>\n<p style=\"text-align: justify;\">Ofrecemos desde la detecci\u00f3n de necesidades de capacitaci\u00f3n hasta la formaci\u00f3n inicial avalados por instituciones oficiales, formaci\u00f3n continua y especializada del personal operativo, t\u00e9cnico y administrativo de las distintas especialidades de la seguridad p\u00fablica, en acorde a los lineamientos de la reforma constitucional de junio de 2008, el Sistema Penal Acusatorio y el Programa Rector de Profesionalizaci\u00f3n, cumpliendo requisitos y directrices marcadas por los lineamientos anuales de los Fondos <u>FASP, FOFISP y FORTAMUN. <\/u><\/p>\n<p style=\"text-align: justify;\">\n<p>[\/et_pb_text][\/et_pb_column][et_pb_column type=&#8221;1_2&#8243; _builder_version=&#8221;4.16&#8243; use_background_color_gradient=&#8221;on&#8221; background_color_gradient_stops=&#8221;rgba(18,18,18,0.5) 0%|#121212 100%&#8221; background_color_gradient_overlays_image=&#8221;on&#8221; background_color_gradient_start=&#8221;rgba(18,18,18,0.5)&#8221; background_color_gradient_end=&#8221;#121212&#8243; background_image=&#8221;http:\/\/ircjp.com\/wp-content\/uploads\/2024\/02\/real-estate-10-1.jpg&#8221; custom_padding=&#8221;100px|8%|100px|&#8221; custom_padding_tablet=&#8221;60px|10%|60px|10%&#8221; custom_padding_phone=&#8221;60px|10%|60px|10%&#8221; custom_padding_last_edited=&#8221;on|phone&#8221; global_colors_info=&#8221;{}&#8221; padding_tablet=&#8221;60px|10%|60px|10%&#8221; padding_last_edited=&#8221;on|phone&#8221; custom_padding__hover=&#8221;|||&#8221; padding_phone=&#8221;60px|10%|60px|10%&#8221;][et_pb_image src=&#8221;http:\/\/ircjp.com\/wp-content\/uploads\/2024\/02\/real-estate-10.jpg&#8221; align_tablet=&#8221;center&#8221; align_phone=&#8221;center&#8221; align_last_edited=&#8221;on|desktop&#8221; _builder_version=&#8221;4.16&#8243; max_width=&#8221;600px&#8221; max_width_tablet=&#8221;&#8221; max_width_phone=&#8221;&#8221; max_width_last_edited=&#8221;on|desktop&#8221; custom_margin=&#8221;|||-8%&#8221; custom_margin_tablet=&#8221;|||&#8221; custom_margin_last_edited=&#8221;off|desktop&#8221; custom_padding=&#8221;|||&#8221; animation_style=&#8221;slide&#8221; animation_direction=&#8221;right&#8221; animation_intensity_slide=&#8221;4%&#8221; animation_starting_opacity=&#8221;50%&#8221; box_shadow_style=&#8221;preset3&#8243; box_shadow_blur=&#8221;80px&#8221; global_colors_info=&#8221;{}&#8221;][\/et_pb_image][\/et_pb_column][\/et_pb_row][et_pb_row _builder_version=&#8221;4.24.0&#8243; _module_preset=&#8221;default&#8221; global_colors_info=&#8221;{}&#8221;][et_pb_column type=&#8221;4_4&#8243; _builder_version=&#8221;4.24.0&#8243; _module_preset=&#8221;default&#8221; global_colors_info=&#8221;{}&#8221;][revslider_divi revslider_divi=&#8221;%91rev_slider alias=%22g-ai-logos2%22 slidertitle=%22G AI Logos2%22%93%91\/rev_slider%93&#8243; _builder_version=&#8221;4.24.0&#8243; _module_preset=&#8221;default&#8221; global_colors_info=&#8221;{}&#8221;][\/revslider_divi][\/et_pb_column][\/et_pb_row][et_pb_row _builder_version=&#8221;4.16&#8243; custom_margin=&#8221;|||&#8221; custom_padding=&#8221;27px|0px|0|0px&#8221; border_color_all=&#8221;#1a1a1a&#8221; global_colors_info=&#8221;{}&#8221;][et_pb_column type=&#8221;4_4&#8243; _builder_version=&#8221;4.16&#8243; custom_padding=&#8221;|||&#8221; global_colors_info=&#8221;{}&#8221; custom_padding__hover=&#8221;|||&#8221;][et_pb_text _builder_version=&#8221;4.24.0&#8243; text_font=&#8221;||||||||&#8221; header_font=&#8221;||||||||&#8221; header_3_font=&#8221;Karla|700||on|||||&#8221; header_3_text_color=&#8221;rgba(255,255,255,0.6)&#8221; header_3_font_size=&#8221;16px&#8221; header_3_letter_spacing=&#8221;1px&#8221; background_layout=&#8221;dark&#8221; max_width=&#8221;600px&#8221; module_alignment=&#8221;left&#8221; custom_margin=&#8221;|||&#8221; locked=&#8221;off&#8221; global_colors_info=&#8221;{}&#8221;]<\/p>\n<h3><span style=\"color: #ff9900;\">NUESTROS SERVICIOS<\/span><\/h3>\n<p>[\/et_pb_text][\/et_pb_column][\/et_pb_row][et_pb_row _builder_version=&#8221;4.16&#8243; custom_margin=&#8221;|||&#8221; custom_padding=&#8221;|||&#8221; animation_style=&#8221;slide&#8221; animation_direction=&#8221;bottom&#8221; animation_intensity_slide=&#8221;6%&#8221; global_colors_info=&#8221;{}&#8221;][et_pb_column type=&#8221;4_4&#8243; _builder_version=&#8221;4.16&#8243; custom_padding=&#8221;|||&#8221; global_colors_info=&#8221;{}&#8221; custom_padding__hover=&#8221;|||&#8221;][et_pb_blurb title=&#8221;Seguridad P\u00fablica y Privada&#8221; use_icon=&#8221;on&#8221; font_icon=&#8221;&#x52;||divi||400&#8243; icon_color=&#8221;#FFFFFF&#8221; icon_placement=&#8221;left&#8221; image_icon_width=&#8221;76px&#8221; content_max_width=&#8221;100%&#8221; _builder_version=&#8221;4.24.0&#8243; header_font=&#8221;Cormorant Garamond||||||||&#8221; header_font_size=&#8221;32px&#8221; body_font=&#8221;Karla||||||||&#8221; body_text_color=&#8221;rgba(255,255,255,0.7)&#8221; body_font_size=&#8221;18px&#8221; body_line_height=&#8221;1.8em&#8221; background_layout=&#8221;dark&#8221; custom_margin=&#8221;60px|||&#8221; animation=&#8221;off&#8221; image_max_width=&#8221;76px&#8221; global_colors_info=&#8221;{}&#8221;]<\/p>\n<ul>\n<li>Profesionalizaci\u00f3n.<\/li>\n<li>Selecci\u00f3n y reclutamiento (a trav\u00e9s de metodolog\u00eda de Modificabilidad Cognitiva Estructural).<\/li>\n<li>An\u00e1lisis de puestos.<\/li>\n<li>Elaboraci\u00f3n de Manuales de Organizaci\u00f3n y Procedimientos.<\/li>\n<li>Elaboraci\u00f3n de Cat\u00e1logo de Puestos.<\/li>\n<li>Evaluaci\u00f3n de Personal Activo.<\/li>\n<li>Evaluaci\u00f3n de habilidades, destrezas y conocimientos.<\/li>\n<li>Evaluaci\u00f3n de Competencias<\/li>\n<li>Procesos de Promoci\u00f3n.<\/li>\n<li>Equipamiento: radiocomunicaci\u00f3n, uniformes, transporte, protecci\u00f3n y armamento.<\/li>\n<\/ul>\n<p>[\/et_pb_blurb][\/et_pb_column][\/et_pb_row][et_pb_row _builder_version=&#8221;4.24.0&#8243; custom_margin=&#8221;|||&#8221; custom_padding=&#8221;|||&#8221; animation_style=&#8221;slide&#8221; animation_direction=&#8221;bottom&#8221; animation_intensity_slide=&#8221;6%&#8221; global_colors_info=&#8221;{}&#8221;][et_pb_column type=&#8221;4_4&#8243; _builder_version=&#8221;4.16&#8243; custom_padding=&#8221;|||&#8221; global_colors_info=&#8221;{}&#8221; custom_padding__hover=&#8221;|||&#8221;][et_pb_blurb title=&#8221;Programas de Prevenci\u00f3n Social del Delito con Participaci\u00f3n Ciudadana&#8221; use_icon=&#8221;on&#8221; font_icon=&#8221;&#x52;||divi||400&#8243; icon_color=&#8221;#FFFFFF&#8221; icon_placement=&#8221;left&#8221; image_icon_width=&#8221;76px&#8221; content_max_width=&#8221;100%&#8221; _builder_version=&#8221;4.24.0&#8243; header_font=&#8221;Cormorant Garamond||||||||&#8221; header_font_size=&#8221;32px&#8221; body_font=&#8221;Karla||||||||&#8221; body_text_color=&#8221;rgba(255,255,255,0.7)&#8221; body_font_size=&#8221;18px&#8221; body_line_height=&#8221;1.8em&#8221; background_layout=&#8221;dark&#8221; custom_margin=&#8221;2px|||||&#8221; animation=&#8221;off&#8221; image_max_width=&#8221;76px&#8221; global_colors_info=&#8221;{}&#8221;]<\/p>\n<p style=\"text-align: justify;\">Somos especialistas en el dise\u00f1o, implementaci\u00f3n y evaluaci\u00f3n de proyectos sociales, avalando nuestro trabajo la certificaci\u00f3n del Centro Nacional de Prevenci\u00f3n del Delito y Participaci\u00f3n Ciudadana, programas que desarrollamos con la participaci\u00f3n de un equipo multidisciplinario conformado por especialistas que han manejado ampliamente las metodolog\u00edas y programas de agencias internacionales e instituciones y asociaciones nacionales e internacionales.<\/p>\n<p>[\/et_pb_blurb][\/et_pb_column][\/et_pb_row][et_pb_row _builder_version=&#8221;4.16&#8243; custom_margin=&#8221;|||&#8221; custom_padding=&#8221;|||&#8221; animation_style=&#8221;slide&#8221; animation_direction=&#8221;bottom&#8221; animation_intensity_slide=&#8221;6%&#8221; global_colors_info=&#8221;{}&#8221;][et_pb_column type=&#8221;4_4&#8243; _builder_version=&#8221;4.16&#8243; custom_padding=&#8221;|||&#8221; global_colors_info=&#8221;{}&#8221; custom_padding__hover=&#8221;|||&#8221;][et_pb_blurb title=&#8221;Programa \u201cJ\u00f3venes Construyendo Futuro\u201d&#8221; use_icon=&#8221;on&#8221; font_icon=&#8221;&#x52;||divi||400&#8243; icon_color=&#8221;#FFFFFF&#8221; icon_placement=&#8221;left&#8221; image_icon_width=&#8221;76px&#8221; content_max_width=&#8221;100%&#8221; _builder_version=&#8221;4.24.0&#8243; header_font=&#8221;Cormorant Garamond||||||||&#8221; header_font_size=&#8221;32px&#8221; body_font=&#8221;Karla||||||||&#8221; body_text_color=&#8221;rgba(255,255,255,0.7)&#8221; body_font_size=&#8221;18px&#8221; body_line_height=&#8221;1.8em&#8221; background_layout=&#8221;dark&#8221; custom_margin=&#8221;7px|||||&#8221; animation=&#8221;off&#8221; image_max_width=&#8221;76px&#8221; global_colors_info=&#8221;{}&#8221;]<\/p>\n<ul>\n<li>Somos Organizaci\u00f3n Tutora con registro 319781 en la STPS.<\/li>\n<\/ul>\n<p>[\/et_pb_blurb][\/et_pb_column][\/et_pb_row][et_pb_row _builder_version=&#8221;4.16&#8243; custom_margin=&#8221;|||&#8221; custom_padding=&#8221;||27px|||&#8221; animation_style=&#8221;slide&#8221; animation_direction=&#8221;bottom&#8221; animation_intensity_slide=&#8221;6%&#8221; global_colors_info=&#8221;{}&#8221;][et_pb_column type=&#8221;4_4&#8243; _builder_version=&#8221;4.16&#8243; custom_padding=&#8221;|||&#8221; global_colors_info=&#8221;{}&#8221; custom_padding__hover=&#8221;|||&#8221;][et_pb_blurb title=&#8221;Programa \u201cImplementaci\u00f3n y desarrollo del Sistema de Justicia Penal\u201d, SETEC&#8221; use_icon=&#8221;on&#8221; font_icon=&#8221;&#x52;||divi||400&#8243; icon_color=&#8221;#FFFFFF&#8221; icon_placement=&#8221;left&#8221; image_icon_width=&#8221;76px&#8221; content_max_width=&#8221;100%&#8221; _builder_version=&#8221;4.24.0&#8243; header_font=&#8221;Cormorant Garamond||||||||&#8221; header_font_size=&#8221;32px&#8221; body_font=&#8221;Karla||||||||&#8221; body_text_color=&#8221;rgba(255,255,255,0.7)&#8221; body_font_size=&#8221;18px&#8221; body_line_height=&#8221;1.8em&#8221; background_layout=&#8221;dark&#8221; custom_margin=&#8221;7px|||||&#8221; animation=&#8221;off&#8221; image_max_width=&#8221;76px&#8221; global_colors_info=&#8221;{}&#8221;]<\/p>\n<p style=\"text-align: justify;\">Contamos con los docentes especialistas certificados por el Secretariado T\u00e9cnico del Consejo de Coordinaci\u00f3n para la implementaci\u00f3n del Sistema de Justicia Penal SETEC<\/p>\n<p>[\/et_pb_blurb][\/et_pb_column][\/et_pb_row][\/et_pb_section][et_pb_section fb_built=&#8221;1&#8243; _builder_version=&#8221;4.24.0&#8243; _module_preset=&#8221;default&#8221; global_colors_info=&#8221;{}&#8221;][et_pb_row _builder_version=&#8221;4.24.0&#8243; _module_preset=&#8221;default&#8221; global_colors_info=&#8221;{}&#8221;][et_pb_column type=&#8221;4_4&#8243; _builder_version=&#8221;4.24.0&#8243; _module_preset=&#8221;default&#8221; global_colors_info=&#8221;{}&#8221;][revslider_divi revslider_divi=&#8221;%91rev_slider alias=%22corporate-contacts11%22 slidertitle=%22Corporate Contacts11%22%93%91\/rev_slider%93&#8243; _builder_version=&#8221;4.24.0&#8243; _module_preset=&#8221;default&#8221; global_colors_info=&#8221;{}&#8221;][\/revslider_divi][\/et_pb_column][\/et_pb_row][\/et_pb_section]<\/p>\n","protected":false},"excerpt":{"rendered":"<p>El todo es mayor que la suma de sus partes Creer, crecer y validarnos como individuos expertos agrupados, correlacionados y aplicados en un campo espec\u00edfico nos ha permitido constatar la evoluci\u00f3n constante de nuestros servicios renovados d\u00eda con d\u00eda en calidad, mediante la auto-evaluaci\u00f3n y de la opini\u00f3n\/satisfacci\u00f3n de nuestros clientes del sector p\u00fablico y [&hellip;]<\/p>\n","protected":false},"author":1,"featured_media":0,"parent":0,"menu_order":0,"comment_status":"closed","ping_status":"closed","template":"","meta":{"_et_pb_use_builder":"on","_et_pb_old_content":"","_et_gb_content_width":"","footnotes":""},"_links":{"self":[{"href":"https:\/\/ircjp.com\/index.php\/wp-json\/wp\/v2\/pages\/98"}],"collection":[{"href":"https:\/\/ircjp.com\/index.php\/wp-json\/wp\/v2\/pages"}],"about":[{"href":"https:\/\/ircjp.com\/index.php\/wp-json\/wp\/v2\/types\/page"}],"author":[{"embeddable":true,"href":"https:\/\/ircjp.com\/index.php\/wp-json\/wp\/v2\/users\/1"}],"replies":[{"embeddable":true,"href":"https:\/\/ircjp.com\/index.php\/wp-json\/wp\/v2\/comments?post=98"}],"version-history":[{"count":16,"href":"https:\/\/ircjp.com\/index.php\/wp-json\/wp\/v2\/pages\/98\/revisions"}],"predecessor-version":[{"id":195,"href":"https:\/\/ircjp.com\/index.php\/wp-json\/wp\/v2\/pages\/98\/revisions\/195"}],"wp:attachment":[{"href":"https:\/\/ircjp.com\/index.php\/wp-json\/wp\/v2\/media?parent=98"}],"curies":[{"name":"wp","href":"https:\/\/api.w.org\/{rel}","templated":true}]}}